{"id":797,"date":"2021-02-27T19:52:13","date_gmt":"2021-02-27T18:52:13","guid":{"rendered":"https:\/\/best.hr\/ebec\/?page_id=797"},"modified":"2022-06-10T19:25:34","modified_gmt":"2022-06-10T18:25:34","slug":"ziri","status":"publish","type":"page","link":"https:\/\/best.hr\/ebec\/organizacijski-tim\/ziri\/","title":{"rendered":"\u017diri"},"content":{"rendered":"\t\t<div data-elementor-type=\"wp-page\" data-elementor-id=\"797\" class=\"elementor elementor-797\" data-elementor-settings=\"[]\">\n\t\t\t\t\t\t\t<div class=\"elementor-section-wrap\">\n\t\t\t\t\t\t\t<section class=\"elementor-section elementor-top-section elementor-element elementor-element-487a4134 elementor-section-boxed elementor-section-height-default elementor-section-height-default\" data-id=\"487a4134\" data-element_type=\"section\">\n\t\t\t\t\t\t<div class=\"elementor-container elementor-column-gap-default\">\n\t\t\t\t\t<div class=\"elementor-column elementor-col-16 elementor-top-column elementor-element elementor-element-2a4d7704\" data-id=\"2a4d7704\" data-element_type=\"column\">\n\t\t\t<div class=\"elementor-widget-wrap\">\n\t\t\t\t\t\t\t\t\t<\/div>\n\t\t<\/div>\n\t\t\t\t<div class=\"elementor-column elementor-col-66 elementor-top-column elementor-element elementor-element-1516dc14\" data-id=\"1516dc14\" data-element_type=\"column\">\n\t\t\t<div class=\"elementor-widget-wrap elementor-element-populated\">\n\t\t\t\t\t\t\t\t<div class=\"elementor-element elementor-element-59a5b1c5 elementor-widget elementor-widget-text-editor\" data-id=\"59a5b1c5\" data-element_type=\"widget\" data-widget_type=\"text-editor.default\">\n\t\t\t\t<div class=\"elementor-widget-container\">\n\t\t\t\t\t<div class=\"elementor-text-editor elementor-clearfix\"><p style=\"margin: 0cm;\"><strong><span style=\"font-family: 'Open Sans', sans-serif;\">\u017dIRI CASE STUDY<\/span><\/strong><\/p><p>\u00a0<\/p><p style=\"margin: 0cm;\"><span style=\"font-family: 'Open Sans', sans-serif; background: white;\">Petra Bo\u017ei<\/span><span style=\"background: white;\"><span style=\"font-family: Calibri, sans-serif;\">\u0107<\/span><\/span><span style=\"font-family: 'Open Sans', sans-serif; background: white;\">, Predstavnik tvrtke<\/span><br \/><span style=\"background: white;\"><span style=\"font-family: Open Sans, sans-serif;\">Jelena Kova<\/span><span style=\"font-family: Calibri, sans-serif;\">\u010d<\/span><\/span><span style=\"font-family: 'Open Sans', sans-serif; background: white;\">, Akademski predstavnik,\u00a0<\/span><span style=\"font-family: 'Open Sans', sans-serif;\"><a href=\"https:\/\/www.efzg.unizg.hr\/katedre-29721\/organizacija-i-menadzment-29786\/clanovi-30611\/jelena-kovac-mag-oec\/42057\"><span style=\"background: white;\">https:\/\/www.efzg.unizg.hr\/katedre-29721\/organizacija-i-menadzment-29786\/clanovi-30611\/jelena-kovac-mag-oec\/42057<\/span><\/a><br \/>Anastasiya Kuznetsova, Predstavnik BEST-a,\u00a0<a style=\"font-weight: var( --e-global-typography-text-font-weight );\" href=\"mailto:anastasiya.kuznetsova@best-eu.org\" target=\"_blank\" rel=\"noopener\">anastasiya.kuznetsova@best-eu.org<\/a><\/span><\/p><\/div>\n\t\t\t\t<\/div>\n\t\t\t\t<\/div>\n\t\t\t\t<div class=\"elementor-element elementor-element-14266241 elementor-widget-divider--view-line elementor-widget elementor-widget-divider\" data-id=\"14266241\" data-element_type=\"widget\" data-widget_type=\"divider.default\">\n\t\t\t\t<div class=\"elementor-widget-container\">\n\t\t\t\t\t<div class=\"elementor-divider\">\n\t\t\t<span class=\"elementor-divider-separator\">\n\t\t\t\t\t\t<\/span>\n\t\t<\/div>\n\t\t\t\t<\/div>\n\t\t\t\t<\/div>\n\t\t\t\t<div class=\"elementor-element elementor-element-5f0b0c58 elementor-widget elementor-widget-text-editor\" data-id=\"5f0b0c58\" data-element_type=\"widget\" data-widget_type=\"text-editor.default\">\n\t\t\t\t<div class=\"elementor-widget-container\">\n\t\t\t\t\t<div class=\"elementor-text-editor elementor-clearfix\"><p><b>\u017dIRI INNOVATIVE DESIGN<\/b><\/p><p><span style=\"background-color: #ffffff;\">Lucija Boras, Predstavnik tvrtke<br \/><\/span>Leo Ti\u0161ljari\u0107, Akademski predstavnik,\u00a0<a style=\"font-size: 16px;\" href=\"https:\/\/sites.google.com\/view\/leo-tisljaric\/home\" target=\"_blank\" rel=\"noreferrer noopener\">https:\/\/sites.google.com\/view\/leo-tisljaric\/home<\/a><br \/><span style=\"background-color: #ffffff;\">Lucija \u0160arac, Predstavnik BEST-a<\/span><\/p><\/div>\n\t\t\t\t<\/div>\n\t\t\t\t<\/div>\n\t\t\t\t\t<\/div>\n\t\t<\/div>\n\t\t\t\t<div class=\"elementor-column elementor-col-16 elementor-top-column elementor-element elementor-element-2e4bfda1\" data-id=\"2e4bfda1\" data-element_type=\"column\">\n\t\t\t<div class=\"elementor-widget-wrap\">\n\t\t\t\t\t\t\t\t\t<\/div>\n\t\t<\/div>\n\t\t\t\t\t\t\t<\/div>\n\t\t<\/section>\n\t\t\t\t\t\t<\/div>\n\t\t\t\t\t<\/div>\n\t\t","protected":false},"excerpt":{"rendered":"<p>\u017dIRI CASE STUDY \u00a0 Petra Bo\u017ei\u0107, Predstavnik tvrtkeJelena Kova\u010d, Akademski predstavnik,\u00a0https:\/\/www.efzg.unizg.hr\/katedre-29721\/organizacija-i-menadzment-29786\/clanovi-30611\/jelena-kovac-mag-oec\/42057Anastasiya Kuznetsova, Predstavnik BEST-a,\u00a0anastasiya.kuznetsova@best-eu.org \u017dIRI INNOVATIVE DESIGN Lucija Boras, Predstavnik tvrtkeLeo Ti\u0161ljari\u0107, Akademski predstavnik,\u00a0https:\/\/sites.google.com\/view\/leo-tisljaric\/homeLucija \u0160arac, Predstavnik BEST-a<\/p>\n","protected":false},"author":5,"featured_media":0,"parent":1318,"menu_order":0,"comment_status":"closed","ping_status":"closed","template":"","meta":{"footnotes":""},"class_list":["post-797","page","type-page","status-publish","hentry"],"_links":{"self":[{"href":"https:\/\/best.hr\/ebec\/wp-json\/wp\/v2\/pages\/797","targetHints":{"allow":["GET"]}}],"collection":[{"href":"https:\/\/best.hr\/ebec\/wp-json\/wp\/v2\/pages"}],"about":[{"href":"https:\/\/best.hr\/ebec\/wp-json\/wp\/v2\/types\/page"}],"author":[{"embeddable":true,"href":"https:\/\/best.hr\/ebec\/wp-json\/wp\/v2\/users\/5"}],"replies":[{"embeddable":true,"href":"https:\/\/best.hr\/ebec\/wp-json\/wp\/v2\/comments?post=797"}],"version-history":[{"count":42,"href":"https:\/\/best.hr\/ebec\/wp-json\/wp\/v2\/pages\/797\/revisions"}],"predecessor-version":[{"id":1956,"href":"https:\/\/best.hr\/ebec\/wp-json\/wp\/v2\/pages\/797\/revisions\/1956"}],"up":[{"embeddable":true,"href":"https:\/\/best.hr\/ebec\/wp-json\/wp\/v2\/pages\/1318"}],"wp:attachment":[{"href":"https:\/\/best.hr\/ebec\/wp-json\/wp\/v2\/media?parent=797"}],"curies":[{"name":"wp","href":"https:\/\/api.w.org\/{rel}","templated":true}]}}